{"id":1000343,"date":"2026-04-17T14:21:45","date_gmt":"2026-04-17T14:21:45","guid":{"rendered":"https:\/\/charming-moore.87-106-247-125.plesk.page\/index.php\/produit\/boite-a-musique-zoe-2\/"},"modified":"2026-05-06T08:52:42","modified_gmt":"2026-05-06T08:52:42","slug":"boite-a-musique-zoe-2","status":"publish","type":"product","link":"https:\/\/charming-moore.87-106-247-125.plesk.page\/index.php\/produit\/boite-a-musique-zoe-2\/","title":{"rendered":"Bo\u00eete \u00e0 musique Zo\u00e9"},"content":{"rendered":"<section class=\"text-token-text-primary w-full focus:outline-none [--shadow-height:45px] has-data-writing-block:pointer-events-none has-data-writing-block:-mt-(--shadow-height) has-data-writing-block:pt-(--shadow-height) [&amp;:has([data-writing-block])&gt;*]:pointer-events-auto R6Vx5W_threadScrollVars scroll-mb-[calc(var(--scroll-root-safe-area-inset-bottom,0px)+var(--thread-response-height))] scroll-mt-(--header-height)\" dir=\"auto\" data-turn-id=\"4b3926a5-ff18-4bba-9aac-77dec2c3f8d8\" data-testid=\"conversation-turn-19\" data-scroll-anchor=\"false\" data-turn=\"user\"><\/section>\n<section class=\"text-token-text-primary w-full focus:outline-none [--shadow-height:45px] has-data-writing-block:pointer-events-none has-data-writing-block:-mt-(--shadow-height) has-data-writing-block:pt-(--shadow-height) [&amp;:has([data-writing-block])&gt;*]:pointer-events-auto [content-visibility:auto] supports-[content-visibility:auto]:[contain-intrinsic-size:auto_100lvh] R6Vx5W_threadScrollVars scroll-mb-[calc(var(--scroll-root-safe-area-inset-bottom,0px)+var(--thread-response-height))] scroll-mt-[calc(var(--header-height)+min(200px,max(70px,20svh)))]\" dir=\"auto\" data-turn-id=\"request-WEB:868b608b-eb78-4742-9ee9-d493a574206f-12\" data-testid=\"conversation-turn-20\" data-scroll-anchor=\"false\" data-turn=\"assistant\">\n<div class=\"text-base my-auto mx-auto pb-10 [--thread-content-margin:var(--thread-content-margin-xs,calc(var(--spacing)*4))] @w-sm\/main:[--thread-content-margin:var(--thread-content-margin-sm,calc(var(--spacing)*6))] @w-lg\/main:[--thread-content-margin:var(--thread-content-margin-lg,calc(var(--spacing)*16))] px-(--thread-content-margin)\">\n<div class=\"[--thread-content-max-width:40rem] @w-lg\/main:[--thread-content-max-width:48rem] mx-auto max-w-(--thread-content-max-width) flex-1 group\/turn-messages focus-visible:outline-hidden relative flex w-full min-w-0 flex-col agent-turn\">\n<div class=\"flex max-w-full flex-col gap-4 grow\">\n<div class=\"min-h-8 text-message relative flex w-full flex-col items-end gap-2 text-start break-words whitespace-normal outline-none keyboard-focused:focus-ring [.text-message+&amp;]:mt-1\" dir=\"auto\" tabindex=\"0\" data-message-author-role=\"assistant\" data-message-id=\"30856f9b-db8a-4245-a60d-bcdccc95ab61\" data-message-model-slug=\"gpt-5-3-mini\" data-turn-start-message=\"true\">\n<div class=\"flex w-full flex-col gap-1 empty:hidden\">\n<div class=\"markdown prose dark:prose-invert w-full wrap-break-word light markdown-new-styling\">\n<p data-start=\"0\" data-end=\"287\">D\u00e9couvrez <strong data-start=\"10\" data-end=\"48\">ZOE la bo\u00eete \u00e0 musique hippopotame.<\/strong> Une douce <strong data-start=\"60\" data-end=\"90\">peluche musicale pour b\u00e9b\u00e9<\/strong> pens\u00e9e pour accompagner les tout-petits d\u00e8s la naissance. Avec sa <strong data-start=\"157\" data-end=\"179\">bouille rassurante<\/strong>, sa <strong data-start=\"184\" data-end=\"199\">forme ronde<\/strong> et ses <strong data-start=\"207\" data-end=\"230\">mati\u00e8res moelleuses<\/strong>, elle procure instantan\u00e9ment <strong data-start=\"260\" data-end=\"284\">douceur et r\u00e9confort<\/strong>.<\/p>\n<p data-start=\"289\" data-end=\"547\">Sa <strong data-start=\"292\" data-end=\"313\">m\u00e9lodie apaisante<\/strong> berce b\u00e9b\u00e9 et l\u2019aide \u00e0 s\u2019endormir paisiblement vers de jolis r\u00eaves. Ses <strong data-start=\"386\" data-end=\"411\">couleurs chaleureuses<\/strong> et son <strong data-start=\"419\" data-end=\"453\">imprim\u00e9 d\u2019inspiration v\u00e9g\u00e9tale<\/strong> apportent une touche d\u00e9corative pleine de <strong data-start=\"496\" data-end=\"519\">vie et de tendresse<\/strong> \u00e0 la <strong data-start=\"525\" data-end=\"544\">chambre de b\u00e9b\u00e9<\/strong>.<\/p>\n<p data-start=\"549\" data-end=\"750\" data-is-last-node=\"\" data-is-only-node=\"\">Id\u00e9ale comme <strong data-start=\"562\" data-end=\"585\">cadeau de naissance<\/strong>, cette bo\u00eete \u00e0 musique Zo\u00e9 est pr\u00e9sent\u00e9e sur une <strong data-start=\"640\" data-end=\"664\">carte pr\u00eate \u00e0 offrir<\/strong>. Elle est <strong data-start=\"675\" data-end=\"697\">lavable en surface<\/strong> et se s\u00e8che naturellement pour pr\u00e9server sa qualit\u00e9.<\/p>\n<\/div>\n<\/div>\n<\/div>\n<\/div>\n<\/div>\n<\/div>\n<\/section>\n","protected":false},"excerpt":{"rendered":"<section class=\"text-token-text-primary w-full focus:outline-none [--shadow-height:45px] has-data-writing-block:pointer-events-none has-data-writing-block:-mt-(--shadow-height) has-data-writing-block:pt-(--shadow-height) [&amp;:has([data-writing-block])&gt;*]:pointer-events-auto [content-visibility:auto] supports-[content-visibility:auto]:[contain-intrinsic-size:auto_100lvh] R6Vx5W_threadScrollVars scroll-mb-[calc(var(--scroll-root-safe-area-inset-bottom,0px)+var(--thread-response-height))] scroll-mt-[calc(var(--header-height)+min(200px,max(70px,20svh)))]\" dir=\"auto\" data-turn-id=\"request-WEB:868b608b-eb78-4742-9ee9-d493a574206f-13\" data-testid=\"conversation-turn-22\" data-scroll-anchor=\"false\" data-turn=\"assistant\">\n<div class=\"text-base my-auto mx-auto pb-10 [--thread-content-margin:var(--thread-content-margin-xs,calc(var(--spacing)*4))] @w-sm\/main:[--thread-content-margin:var(--thread-content-margin-sm,calc(var(--spacing)*6))] @w-lg\/main:[--thread-content-margin:var(--thread-content-margin-lg,calc(var(--spacing)*16))] px-(--thread-content-margin)\">\n<div class=\"[--thread-content-max-width:40rem] @w-lg\/main:[--thread-content-max-width:48rem] mx-auto max-w-(--thread-content-max-width) flex-1 group\/turn-messages focus-visible:outline-hidden relative flex w-full min-w-0 flex-col agent-turn\">\n<div class=\"flex max-w-full flex-col gap-4 grow\">\n<div class=\"min-h-8 text-message relative flex w-full flex-col items-end gap-2 text-start break-words whitespace-normal outline-none keyboard-focused:focus-ring [.text-message+&amp;]:mt-1\" dir=\"auto\" tabindex=\"0\" data-message-author-role=\"assistant\" data-message-id=\"a512685f-130f-4fe4-9f80-2c441367cd40\" data-message-model-slug=\"gpt-5-3-mini\" data-turn-start-message=\"true\">\n<div class=\"flex w-full flex-col gap-1 empty:hidden\">\n<div class=\"markdown prose dark:prose-invert w-full wrap-break-word light markdown-new-styling\">\n<p data-start=\"0\" data-end=\"397\" data-is-last-node=\"\" data-is-only-node=\"\"><strong data-start=\"0\" data-end=\"38\" data-is-only-node=\"\">ZOE la bo\u00eete \u00e0 musique hippopotame<\/strong> accompagne b\u00e9b\u00e9 d\u00e8s la naissance avec sa <strong data-start=\"80\" data-end=\"107\">douce m\u00e9lodie apaisante<\/strong>. Sa <strong data-start=\"112\" data-end=\"135\">mati\u00e8re toute douce<\/strong> et sa <strong data-start=\"142\" data-end=\"157\">forme ronde<\/strong> rassurent et invitent au c\u00e2lin.<br data-start=\"189\" data-end=\"192\" \/>Avec ses <strong data-start=\"201\" data-end=\"222\">couleurs toniques<\/strong> et son <strong data-start=\"230\" data-end=\"249\">imprim\u00e9 v\u00e9g\u00e9tal<\/strong>, elle d\u00e9core joliment la <strong data-start=\"275\" data-end=\"294\">chambre de b\u00e9b\u00e9<\/strong>. Pratique, elle est <strong data-start=\"317\" data-end=\"339\">lavable en surface<\/strong> et s\u00e8che naturellement. Un <strong data-start=\"367\" data-end=\"396\">cadeau de naissance id\u00e9al<\/strong>.<\/p>\n<\/div>\n<\/div>\n<\/div>\n<\/div>\n<div class=\"z-0 flex min-h-[46px] justify-start\"><\/div>\n<div class=\"mt-3 w-full empty:hidden\">\n<div class=\"text-center\"><\/div>\n<\/div>\n<\/div>\n<\/div>\n<\/section>\n<div class=\"pointer-events-none -mt-px h-px translate-y-[calc(var(--scroll-root-safe-area-inset-bottom)-14*var(--spacing))]\" aria-hidden=\"true\"><\/div>\n","protected":false},"featured_media":1000551,"comment_status":"open","ping_status":"closed","template":"","meta":[],"product_brand":[],"product_cat":[82],"product_tag":[],"class_list":{"0":"post-1000343","1":"product","2":"type-product","3":"status-publish","4":"has-post-thumbnail","6":"product_cat-bazille-et-zoe-lhippopotame","8":"first","9":"instock","10":"sale","11":"shipping-taxable","12":"purchasable","13":"product-type-simple"},"yoast_head":"<!-- This site is optimized with the Yoast SEO plugin v27.6 - https:\/\/yoast.com\/product\/yoast-seo-wordpress\/ -->\n<title>Bo\u00eete \u00e0 musique Zo\u00e9 - Babynat<\/title>\n<meta name=\"description\" content=\"D\u00e9couvrez la bo\u00eete \u00e0 musique Zo\u00e9 hippopotame, une peluche musicale douce qui accompagne b\u00e9b\u00e9 d\u00e8s la naissance. Un cadeau id\u00e9al pour la chambre de b\u00e9b\u00e9.\" \/>\n<meta name=\"robots\" content=\"index, follow, max-snippet:-1, max-image-preview:large, max-video-preview:-1\" \/>\n<link rel=\"canonical\" href=\"https:\/\/charming-moore.87-106-247-125.plesk.page\/index.php\/produit\/boite-a-musique-zoe-2\/\" \/>\n<meta property=\"og:locale\" content=\"fr_FR\" \/>\n<meta property=\"og:type\" content=\"article\" \/>\n<meta property=\"og:title\" content=\"Bo\u00eete \u00e0 musique Zo\u00e9 - Babynat\" \/>\n<meta property=\"og:description\" content=\"D\u00e9couvrez la bo\u00eete \u00e0 musique Zo\u00e9 hippopotame, une peluche musicale douce qui accompagne b\u00e9b\u00e9 d\u00e8s la naissance. Un cadeau id\u00e9al pour la chambre de b\u00e9b\u00e9.\" \/>\n<meta property=\"og:url\" content=\"https:\/\/charming-moore.87-106-247-125.plesk.page\/index.php\/produit\/boite-a-musique-zoe-2\/\" \/>\n<meta property=\"og:site_name\" content=\"Babynat\" \/>\n<meta property=\"article:modified_time\" content=\"2026-05-06T08:52:42+00:00\" \/>\n<meta property=\"og:image\" content=\"https:\/\/charming-moore.87-106-247-125.plesk.page\/wp-content\/uploads\/2026\/04\/BN0707-1.jpg\" \/>\n\t<meta property=\"og:image:width\" content=\"1350\" \/>\n\t<meta property=\"og:image:height\" content=\"1350\" \/>\n\t<meta property=\"og:image:type\" content=\"image\/jpeg\" \/>\n<meta name=\"twitter:card\" content=\"summary_large_image\" \/>\n<meta name=\"twitter:label1\" content=\"Dur\u00e9e de lecture estim\u00e9e\" \/>\n\t<meta name=\"twitter:data1\" content=\"1 minute\" \/>\n<script type=\"application\/ld+json\" class=\"yoast-schema-graph\">{\"@context\":\"https:\\\/\\\/schema.org\",\"@graph\":[{\"@type\":\"WebPage\",\"@id\":\"https:\\\/\\\/charming-moore.87-106-247-125.plesk.page\\\/index.php\\\/produit\\\/boite-a-musique-zoe-2\\\/\",\"url\":\"https:\\\/\\\/charming-moore.87-106-247-125.plesk.page\\\/index.php\\\/produit\\\/boite-a-musique-zoe-2\\\/\",\"name\":\"Bo\u00eete \u00e0 musique Zo\u00e9 - Babynat\",\"isPartOf\":{\"@id\":\"https:\\\/\\\/charming-moore.87-106-247-125.plesk.page\\\/#website\"},\"primaryImageOfPage\":{\"@id\":\"https:\\\/\\\/charming-moore.87-106-247-125.plesk.page\\\/index.php\\\/produit\\\/boite-a-musique-zoe-2\\\/#primaryimage\"},\"image\":{\"@id\":\"https:\\\/\\\/charming-moore.87-106-247-125.plesk.page\\\/index.php\\\/produit\\\/boite-a-musique-zoe-2\\\/#primaryimage\"},\"thumbnailUrl\":\"https:\\\/\\\/charming-moore.87-106-247-125.plesk.page\\\/wp-content\\\/uploads\\\/2026\\\/04\\\/BN0707-1.jpg\",\"datePublished\":\"2026-04-17T14:21:45+00:00\",\"dateModified\":\"2026-05-06T08:52:42+00:00\",\"description\":\"D\u00e9couvrez la bo\u00eete \u00e0 musique Zo\u00e9 hippopotame, une peluche musicale douce qui accompagne b\u00e9b\u00e9 d\u00e8s la naissance. Un cadeau id\u00e9al pour la chambre de b\u00e9b\u00e9.\",\"breadcrumb\":{\"@id\":\"https:\\\/\\\/charming-moore.87-106-247-125.plesk.page\\\/index.php\\\/produit\\\/boite-a-musique-zoe-2\\\/#breadcrumb\"},\"inLanguage\":\"fr-FR\",\"potentialAction\":[{\"@type\":\"ReadAction\",\"target\":[\"https:\\\/\\\/charming-moore.87-106-247-125.plesk.page\\\/index.php\\\/produit\\\/boite-a-musique-zoe-2\\\/\"]}]},{\"@type\":\"ImageObject\",\"inLanguage\":\"fr-FR\",\"@id\":\"https:\\\/\\\/charming-moore.87-106-247-125.plesk.page\\\/index.php\\\/produit\\\/boite-a-musique-zoe-2\\\/#primaryimage\",\"url\":\"https:\\\/\\\/charming-moore.87-106-247-125.plesk.page\\\/wp-content\\\/uploads\\\/2026\\\/04\\\/BN0707-1.jpg\",\"contentUrl\":\"https:\\\/\\\/charming-moore.87-106-247-125.plesk.page\\\/wp-content\\\/uploads\\\/2026\\\/04\\\/BN0707-1.jpg\",\"width\":1350,\"height\":1350,\"caption\":\"Bo\u00eete \u00e0 musique Zo\u00e9\"},{\"@type\":\"BreadcrumbList\",\"@id\":\"https:\\\/\\\/charming-moore.87-106-247-125.plesk.page\\\/index.php\\\/produit\\\/boite-a-musique-zoe-2\\\/#breadcrumb\",\"itemListElement\":[{\"@type\":\"ListItem\",\"position\":1,\"name\":\"Accueil\",\"item\":\"https:\\\/\\\/charming-moore.87-106-247-125.plesk.page\\\/\"},{\"@type\":\"ListItem\",\"position\":2,\"name\":\"Boutique\",\"item\":\"https:\\\/\\\/charming-moore.87-106-247-125.plesk.page\\\/index.php\\\/boutique\\\/\"},{\"@type\":\"ListItem\",\"position\":3,\"name\":\"Bo\u00eete \u00e0 musique Zo\u00e9\"}]},{\"@type\":\"WebSite\",\"@id\":\"https:\\\/\\\/charming-moore.87-106-247-125.plesk.page\\\/#website\",\"url\":\"https:\\\/\\\/charming-moore.87-106-247-125.plesk.page\\\/\",\"name\":\"Babynat\",\"description\":\"\",\"potentialAction\":[{\"@type\":\"SearchAction\",\"target\":{\"@type\":\"EntryPoint\",\"urlTemplate\":\"https:\\\/\\\/charming-moore.87-106-247-125.plesk.page\\\/?s={search_term_string}\"},\"query-input\":{\"@type\":\"PropertyValueSpecification\",\"valueRequired\":true,\"valueName\":\"search_term_string\"}}],\"inLanguage\":\"fr-FR\"}]}<\/script>\n<!-- \/ Yoast SEO plugin. -->","yoast_head_json":{"title":"Bo\u00eete \u00e0 musique Zo\u00e9 - Babynat","description":"D\u00e9couvrez la bo\u00eete \u00e0 musique Zo\u00e9 hippopotame, une peluche musicale douce qui accompagne b\u00e9b\u00e9 d\u00e8s la naissance. Un cadeau id\u00e9al pour la chambre de b\u00e9b\u00e9.","robots":{"index":"index","follow":"follow","max-snippet":"max-snippet:-1","max-image-preview":"max-image-preview:large","max-video-preview":"max-video-preview:-1"},"canonical":"https:\/\/charming-moore.87-106-247-125.plesk.page\/index.php\/produit\/boite-a-musique-zoe-2\/","og_locale":"fr_FR","og_type":"article","og_title":"Bo\u00eete \u00e0 musique Zo\u00e9 - Babynat","og_description":"D\u00e9couvrez la bo\u00eete \u00e0 musique Zo\u00e9 hippopotame, une peluche musicale douce qui accompagne b\u00e9b\u00e9 d\u00e8s la naissance. Un cadeau id\u00e9al pour la chambre de b\u00e9b\u00e9.","og_url":"https:\/\/charming-moore.87-106-247-125.plesk.page\/index.php\/produit\/boite-a-musique-zoe-2\/","og_site_name":"Babynat","article_modified_time":"2026-05-06T08:52:42+00:00","og_image":[{"width":1350,"height":1350,"url":"https:\/\/charming-moore.87-106-247-125.plesk.page\/wp-content\/uploads\/2026\/04\/BN0707-1.jpg","type":"image\/jpeg"}],"twitter_card":"summary_large_image","twitter_misc":{"Dur\u00e9e de lecture estim\u00e9e":"1 minute"},"schema":{"@context":"https:\/\/schema.org","@graph":[{"@type":"WebPage","@id":"https:\/\/charming-moore.87-106-247-125.plesk.page\/index.php\/produit\/boite-a-musique-zoe-2\/","url":"https:\/\/charming-moore.87-106-247-125.plesk.page\/index.php\/produit\/boite-a-musique-zoe-2\/","name":"Bo\u00eete \u00e0 musique Zo\u00e9 - Babynat","isPartOf":{"@id":"https:\/\/charming-moore.87-106-247-125.plesk.page\/#website"},"primaryImageOfPage":{"@id":"https:\/\/charming-moore.87-106-247-125.plesk.page\/index.php\/produit\/boite-a-musique-zoe-2\/#primaryimage"},"image":{"@id":"https:\/\/charming-moore.87-106-247-125.plesk.page\/index.php\/produit\/boite-a-musique-zoe-2\/#primaryimage"},"thumbnailUrl":"https:\/\/charming-moore.87-106-247-125.plesk.page\/wp-content\/uploads\/2026\/04\/BN0707-1.jpg","datePublished":"2026-04-17T14:21:45+00:00","dateModified":"2026-05-06T08:52:42+00:00","description":"D\u00e9couvrez la bo\u00eete \u00e0 musique Zo\u00e9 hippopotame, une peluche musicale douce qui accompagne b\u00e9b\u00e9 d\u00e8s la naissance. Un cadeau id\u00e9al pour la chambre de b\u00e9b\u00e9.","breadcrumb":{"@id":"https:\/\/charming-moore.87-106-247-125.plesk.page\/index.php\/produit\/boite-a-musique-zoe-2\/#breadcrumb"},"inLanguage":"fr-FR","potentialAction":[{"@type":"ReadAction","target":["https:\/\/charming-moore.87-106-247-125.plesk.page\/index.php\/produit\/boite-a-musique-zoe-2\/"]}]},{"@type":"ImageObject","inLanguage":"fr-FR","@id":"https:\/\/charming-moore.87-106-247-125.plesk.page\/index.php\/produit\/boite-a-musique-zoe-2\/#primaryimage","url":"https:\/\/charming-moore.87-106-247-125.plesk.page\/wp-content\/uploads\/2026\/04\/BN0707-1.jpg","contentUrl":"https:\/\/charming-moore.87-106-247-125.plesk.page\/wp-content\/uploads\/2026\/04\/BN0707-1.jpg","width":1350,"height":1350,"caption":"Bo\u00eete \u00e0 musique Zo\u00e9"},{"@type":"BreadcrumbList","@id":"https:\/\/charming-moore.87-106-247-125.plesk.page\/index.php\/produit\/boite-a-musique-zoe-2\/#breadcrumb","itemListElement":[{"@type":"ListItem","position":1,"name":"Accueil","item":"https:\/\/charming-moore.87-106-247-125.plesk.page\/"},{"@type":"ListItem","position":2,"name":"Boutique","item":"https:\/\/charming-moore.87-106-247-125.plesk.page\/index.php\/boutique\/"},{"@type":"ListItem","position":3,"name":"Bo\u00eete \u00e0 musique Zo\u00e9"}]},{"@type":"WebSite","@id":"https:\/\/charming-moore.87-106-247-125.plesk.page\/#website","url":"https:\/\/charming-moore.87-106-247-125.plesk.page\/","name":"Babynat","description":"","potentialAction":[{"@type":"SearchAction","target":{"@type":"EntryPoint","urlTemplate":"https:\/\/charming-moore.87-106-247-125.plesk.page\/?s={search_term_string}"},"query-input":{"@type":"PropertyValueSpecification","valueRequired":true,"valueName":"search_term_string"}}],"inLanguage":"fr-FR"}]}},"_links":{"self":[{"href":"https:\/\/charming-moore.87-106-247-125.plesk.page\/index.php\/wp-json\/wp\/v2\/product\/1000343","targetHints":{"allow":["GET"]}}],"collection":[{"href":"https:\/\/charming-moore.87-106-247-125.plesk.page\/index.php\/wp-json\/wp\/v2\/product"}],"about":[{"href":"https:\/\/charming-moore.87-106-247-125.plesk.page\/index.php\/wp-json\/wp\/v2\/types\/product"}],"replies":[{"embeddable":true,"href":"https:\/\/charming-moore.87-106-247-125.plesk.page\/index.php\/wp-json\/wp\/v2\/comments?post=1000343"}],"wp:featuredmedia":[{"embeddable":true,"href":"https:\/\/charming-moore.87-106-247-125.plesk.page\/index.php\/wp-json\/wp\/v2\/media\/1000551"}],"wp:attachment":[{"href":"https:\/\/charming-moore.87-106-247-125.plesk.page\/index.php\/wp-json\/wp\/v2\/media?parent=1000343"}],"wp:term":[{"taxonomy":"product_brand","embeddable":true,"href":"https:\/\/charming-moore.87-106-247-125.plesk.page\/index.php\/wp-json\/wp\/v2\/product_brand?post=1000343"},{"taxonomy":"product_cat","embeddable":true,"href":"https:\/\/charming-moore.87-106-247-125.plesk.page\/index.php\/wp-json\/wp\/v2\/product_cat?post=1000343"},{"taxonomy":"product_tag","embeddable":true,"href":"https:\/\/charming-moore.87-106-247-125.plesk.page\/index.php\/wp-json\/wp\/v2\/product_tag?post=1000343"}],"curies":[{"name":"wp","href":"https:\/\/api.w.org\/{rel}","templated":true}]}}