{"id":1000345,"date":"2026-04-17T14:21:45","date_gmt":"2026-04-17T14:21:45","guid":{"rendered":"https:\/\/charming-moore.87-106-247-125.plesk.page\/index.php\/produit\/peluche-dactivites-bazile\/"},"modified":"2026-05-06T09:39:04","modified_gmt":"2026-05-06T09:39:04","slug":"peluche-dactivites-bazile","status":"publish","type":"product","link":"https:\/\/charming-moore.87-106-247-125.plesk.page\/index.php\/produit\/peluche-dactivites-bazile\/","title":{"rendered":"Peluche d&rsquo;activit\u00e9s Bazile"},"content":{"rendered":"<p data-start=\"0\" data-end=\"267\">D\u00e9couvrez la peluche d&rsquo;activit\u00e9s<b> Bazile,<\/b>\u00a0un adorable <strong data-start=\"68\" data-end=\"90\">jouet d\u2019\u00e9veil b\u00e9b\u00e9<\/strong> aussi rigolo que rassurant. Avec sa <strong data-start=\"127\" data-end=\"148\">bouille g\u00e9n\u00e9reuse<\/strong>, sa <strong data-start=\"153\" data-end=\"168\">forme ronde<\/strong> et ses <strong data-start=\"176\" data-end=\"201\">mati\u00e8res ultra douces<\/strong>, il devient vite le parfait compagnon de b\u00e9b\u00e9 d\u00e8s la naissance.<\/p>\n<p data-start=\"269\" data-end=\"518\">Ce <strong data-start=\"272\" data-end=\"294\">doudou d\u2019activit\u00e9s<\/strong> stimule les sens gr\u00e2ce \u00e0 ses multiples surprises : <strong data-start=\"346\" data-end=\"356\">hochet<\/strong>, <strong data-start=\"358\" data-end=\"367\">pouet<\/strong>, <strong data-start=\"369\" data-end=\"388\">papier craquant<\/strong> et diff\u00e9rentes <strong data-start=\"404\" data-end=\"429\">textures sensorielles<\/strong>. Son <strong data-start=\"435\" data-end=\"458\">anneau de dentition<\/strong> soulage b\u00e9b\u00e9 tout en l\u2019accompagnant dans ses d\u00e9couvertes.<\/p>\n<p data-start=\"520\" data-end=\"751\">Ses <strong data-start=\"524\" data-end=\"545\">couleurs toniques<\/strong> et son <strong data-start=\"553\" data-end=\"572\">imprim\u00e9 v\u00e9g\u00e9tal<\/strong> apportent une touche de <strong data-start=\"597\" data-end=\"609\">vitalit\u00e9<\/strong> \u00e0 la <strong data-start=\"615\" data-end=\"631\">chambre b\u00e9b\u00e9<\/strong>, tout en \u00e9veillant la curiosit\u00e9. Souple et facile \u00e0 manipuler, il est id\u00e9al pour les moments de <strong data-start=\"728\" data-end=\"748\">jeu et de c\u00e2lins<\/strong>.<\/p>\n<p data-start=\"753\" data-end=\"917\" data-is-last-node=\"\" data-is-only-node=\"\">Ce <strong data-start=\"756\" data-end=\"785\">cadeau de naissance id\u00e9al<\/strong> est pr\u00e9sent\u00e9 sur une <strong data-start=\"807\" data-end=\"831\">carte pr\u00eate \u00e0 offrir<\/strong>. Pratique, il est <strong data-start=\"850\" data-end=\"868\">lavable \u00e0 30\u00b0C<\/strong> avec <strong data-start=\"874\" data-end=\"916\">s\u00e9chage naturel ou \u00e0 basse temp\u00e9rature<\/strong>.<\/p>\n","protected":false},"excerpt":{"rendered":"<p>D\u00e9couvrez <strong data-start=\"10\" data-end=\"54\">BAZILE le pantin d\u2019activit\u00e9s<\/strong>, un <strong data-start=\"59\" data-end=\"81\">jouet d\u2019\u00e9veil b\u00e9b\u00e9<\/strong> doux et amusant d\u00e8s la naissance. Avec ses <strong data-start=\"125\" data-end=\"145\">mati\u00e8res vari\u00e9es<\/strong>, son <strong data-start=\"151\" data-end=\"161\">hochet<\/strong>, son <strong data-start=\"167\" data-end=\"186\">papier craquant<\/strong> et son <strong data-start=\"194\" data-end=\"217\">anneau de dentition<\/strong>, il stimule les sens de b\u00e9b\u00e9 tout en l\u2019accompagnant dans ses d\u00e9couvertes. Souple et facile \u00e0 manipuler, il est parfait pour les moments de <strong data-start=\"359\" data-end=\"379\">jeu et de c\u00e2lins<\/strong>.<br data-start=\"380\" data-end=\"383\" \/>Un <strong data-start=\"386\" data-end=\"415\">cadeau de naissance id\u00e9al<\/strong>, lavable \u00e0 30\u00b0C.<\/p>\n","protected":false},"featured_media":1000557,"comment_status":"open","ping_status":"closed","template":"","meta":[],"product_brand":[],"product_cat":[82],"product_tag":[],"class_list":{"0":"post-1000345","1":"product","2":"type-product","3":"status-publish","4":"has-post-thumbnail","6":"product_cat-bazille-et-zoe-lhippopotame","8":"first","9":"instock","10":"sale","11":"shipping-taxable","12":"purchasable","13":"product-type-simple"},"yoast_head":"<!-- This site is optimized with the Yoast SEO plugin v27.6 - https:\/\/yoast.com\/product\/yoast-seo-wordpress\/ -->\n<title>Peluche d&#039;activit\u00e9s Bazile - Babynat<\/title>\n<meta name=\"description\" content=\"D\u00e9couvrez la peluche d&#039;activit\u00e9s Bazile , un jouet d\u2019\u00e9veil b\u00e9b\u00e9 doux d\u00e8s la naissance. Id\u00e9al pour un cadeau de naissance.\" \/>\n<meta name=\"robots\" content=\"index, follow, max-snippet:-1, max-image-preview:large, max-video-preview:-1\" \/>\n<link rel=\"canonical\" href=\"https:\/\/charming-moore.87-106-247-125.plesk.page\/index.php\/produit\/peluche-dactivites-bazile\/\" \/>\n<meta property=\"og:locale\" content=\"fr_FR\" \/>\n<meta property=\"og:type\" content=\"article\" \/>\n<meta property=\"og:title\" content=\"Peluche d&#039;activit\u00e9s Bazile - Babynat\" \/>\n<meta property=\"og:description\" content=\"D\u00e9couvrez la peluche d&#039;activit\u00e9s Bazile , un jouet d\u2019\u00e9veil b\u00e9b\u00e9 doux d\u00e8s la naissance. Id\u00e9al pour un cadeau de naissance.\" \/>\n<meta property=\"og:url\" content=\"https:\/\/charming-moore.87-106-247-125.plesk.page\/index.php\/produit\/peluche-dactivites-bazile\/\" \/>\n<meta property=\"og:site_name\" content=\"Babynat\" \/>\n<meta property=\"article:modified_time\" content=\"2026-05-06T09:39:04+00:00\" \/>\n<meta property=\"og:image\" content=\"https:\/\/charming-moore.87-106-247-125.plesk.page\/wp-content\/uploads\/2026\/04\/BN0713-1.jpg\" \/>\n\t<meta property=\"og:image:width\" content=\"1350\" \/>\n\t<meta property=\"og:image:height\" content=\"1350\" \/>\n\t<meta property=\"og:image:type\" content=\"image\/jpeg\" \/>\n<meta name=\"twitter:card\" content=\"summary_large_image\" \/>\n<meta name=\"twitter:label1\" content=\"Dur\u00e9e de lecture estim\u00e9e\" \/>\n\t<meta name=\"twitter:data1\" content=\"1 minute\" \/>\n<script type=\"application\/ld+json\" class=\"yoast-schema-graph\">{\"@context\":\"https:\\\/\\\/schema.org\",\"@graph\":[{\"@type\":\"WebPage\",\"@id\":\"https:\\\/\\\/charming-moore.87-106-247-125.plesk.page\\\/index.php\\\/produit\\\/peluche-dactivites-bazile\\\/\",\"url\":\"https:\\\/\\\/charming-moore.87-106-247-125.plesk.page\\\/index.php\\\/produit\\\/peluche-dactivites-bazile\\\/\",\"name\":\"Peluche d'activit\u00e9s Bazile - Babynat\",\"isPartOf\":{\"@id\":\"https:\\\/\\\/charming-moore.87-106-247-125.plesk.page\\\/#website\"},\"primaryImageOfPage\":{\"@id\":\"https:\\\/\\\/charming-moore.87-106-247-125.plesk.page\\\/index.php\\\/produit\\\/peluche-dactivites-bazile\\\/#primaryimage\"},\"image\":{\"@id\":\"https:\\\/\\\/charming-moore.87-106-247-125.plesk.page\\\/index.php\\\/produit\\\/peluche-dactivites-bazile\\\/#primaryimage\"},\"thumbnailUrl\":\"https:\\\/\\\/charming-moore.87-106-247-125.plesk.page\\\/wp-content\\\/uploads\\\/2026\\\/04\\\/BN0713-1.jpg\",\"datePublished\":\"2026-04-17T14:21:45+00:00\",\"dateModified\":\"2026-05-06T09:39:04+00:00\",\"description\":\"D\u00e9couvrez la peluche d'activit\u00e9s Bazile , un jouet d\u2019\u00e9veil b\u00e9b\u00e9 doux d\u00e8s la naissance. Id\u00e9al pour un cadeau de naissance.\",\"breadcrumb\":{\"@id\":\"https:\\\/\\\/charming-moore.87-106-247-125.plesk.page\\\/index.php\\\/produit\\\/peluche-dactivites-bazile\\\/#breadcrumb\"},\"inLanguage\":\"fr-FR\",\"potentialAction\":[{\"@type\":\"ReadAction\",\"target\":[\"https:\\\/\\\/charming-moore.87-106-247-125.plesk.page\\\/index.php\\\/produit\\\/peluche-dactivites-bazile\\\/\"]}]},{\"@type\":\"ImageObject\",\"inLanguage\":\"fr-FR\",\"@id\":\"https:\\\/\\\/charming-moore.87-106-247-125.plesk.page\\\/index.php\\\/produit\\\/peluche-dactivites-bazile\\\/#primaryimage\",\"url\":\"https:\\\/\\\/charming-moore.87-106-247-125.plesk.page\\\/wp-content\\\/uploads\\\/2026\\\/04\\\/BN0713-1.jpg\",\"contentUrl\":\"https:\\\/\\\/charming-moore.87-106-247-125.plesk.page\\\/wp-content\\\/uploads\\\/2026\\\/04\\\/BN0713-1.jpg\",\"width\":1350,\"height\":1350,\"caption\":\"Peluche d'activit\u00e9s Bazile\"},{\"@type\":\"BreadcrumbList\",\"@id\":\"https:\\\/\\\/charming-moore.87-106-247-125.plesk.page\\\/index.php\\\/produit\\\/peluche-dactivites-bazile\\\/#breadcrumb\",\"itemListElement\":[{\"@type\":\"ListItem\",\"position\":1,\"name\":\"Accueil\",\"item\":\"https:\\\/\\\/charming-moore.87-106-247-125.plesk.page\\\/\"},{\"@type\":\"ListItem\",\"position\":2,\"name\":\"Boutique\",\"item\":\"https:\\\/\\\/charming-moore.87-106-247-125.plesk.page\\\/index.php\\\/boutique\\\/\"},{\"@type\":\"ListItem\",\"position\":3,\"name\":\"Peluche d&rsquo;activit\u00e9s Bazile\"}]},{\"@type\":\"WebSite\",\"@id\":\"https:\\\/\\\/charming-moore.87-106-247-125.plesk.page\\\/#website\",\"url\":\"https:\\\/\\\/charming-moore.87-106-247-125.plesk.page\\\/\",\"name\":\"Babynat\",\"description\":\"\",\"potentialAction\":[{\"@type\":\"SearchAction\",\"target\":{\"@type\":\"EntryPoint\",\"urlTemplate\":\"https:\\\/\\\/charming-moore.87-106-247-125.plesk.page\\\/?s={search_term_string}\"},\"query-input\":{\"@type\":\"PropertyValueSpecification\",\"valueRequired\":true,\"valueName\":\"search_term_string\"}}],\"inLanguage\":\"fr-FR\"}]}<\/script>\n<!-- \/ Yoast SEO plugin. -->","yoast_head_json":{"title":"Peluche d'activit\u00e9s Bazile - Babynat","description":"D\u00e9couvrez la peluche d'activit\u00e9s Bazile , un jouet d\u2019\u00e9veil b\u00e9b\u00e9 doux d\u00e8s la naissance. Id\u00e9al pour un cadeau de naissance.","robots":{"index":"index","follow":"follow","max-snippet":"max-snippet:-1","max-image-preview":"max-image-preview:large","max-video-preview":"max-video-preview:-1"},"canonical":"https:\/\/charming-moore.87-106-247-125.plesk.page\/index.php\/produit\/peluche-dactivites-bazile\/","og_locale":"fr_FR","og_type":"article","og_title":"Peluche d'activit\u00e9s Bazile - Babynat","og_description":"D\u00e9couvrez la peluche d'activit\u00e9s Bazile , un jouet d\u2019\u00e9veil b\u00e9b\u00e9 doux d\u00e8s la naissance. Id\u00e9al pour un cadeau de naissance.","og_url":"https:\/\/charming-moore.87-106-247-125.plesk.page\/index.php\/produit\/peluche-dactivites-bazile\/","og_site_name":"Babynat","article_modified_time":"2026-05-06T09:39:04+00:00","og_image":[{"width":1350,"height":1350,"url":"https:\/\/charming-moore.87-106-247-125.plesk.page\/wp-content\/uploads\/2026\/04\/BN0713-1.jpg","type":"image\/jpeg"}],"twitter_card":"summary_large_image","twitter_misc":{"Dur\u00e9e de lecture estim\u00e9e":"1 minute"},"schema":{"@context":"https:\/\/schema.org","@graph":[{"@type":"WebPage","@id":"https:\/\/charming-moore.87-106-247-125.plesk.page\/index.php\/produit\/peluche-dactivites-bazile\/","url":"https:\/\/charming-moore.87-106-247-125.plesk.page\/index.php\/produit\/peluche-dactivites-bazile\/","name":"Peluche d'activit\u00e9s Bazile - Babynat","isPartOf":{"@id":"https:\/\/charming-moore.87-106-247-125.plesk.page\/#website"},"primaryImageOfPage":{"@id":"https:\/\/charming-moore.87-106-247-125.plesk.page\/index.php\/produit\/peluche-dactivites-bazile\/#primaryimage"},"image":{"@id":"https:\/\/charming-moore.87-106-247-125.plesk.page\/index.php\/produit\/peluche-dactivites-bazile\/#primaryimage"},"thumbnailUrl":"https:\/\/charming-moore.87-106-247-125.plesk.page\/wp-content\/uploads\/2026\/04\/BN0713-1.jpg","datePublished":"2026-04-17T14:21:45+00:00","dateModified":"2026-05-06T09:39:04+00:00","description":"D\u00e9couvrez la peluche d'activit\u00e9s Bazile , un jouet d\u2019\u00e9veil b\u00e9b\u00e9 doux d\u00e8s la naissance. Id\u00e9al pour un cadeau de naissance.","breadcrumb":{"@id":"https:\/\/charming-moore.87-106-247-125.plesk.page\/index.php\/produit\/peluche-dactivites-bazile\/#breadcrumb"},"inLanguage":"fr-FR","potentialAction":[{"@type":"ReadAction","target":["https:\/\/charming-moore.87-106-247-125.plesk.page\/index.php\/produit\/peluche-dactivites-bazile\/"]}]},{"@type":"ImageObject","inLanguage":"fr-FR","@id":"https:\/\/charming-moore.87-106-247-125.plesk.page\/index.php\/produit\/peluche-dactivites-bazile\/#primaryimage","url":"https:\/\/charming-moore.87-106-247-125.plesk.page\/wp-content\/uploads\/2026\/04\/BN0713-1.jpg","contentUrl":"https:\/\/charming-moore.87-106-247-125.plesk.page\/wp-content\/uploads\/2026\/04\/BN0713-1.jpg","width":1350,"height":1350,"caption":"Peluche d'activit\u00e9s Bazile"},{"@type":"BreadcrumbList","@id":"https:\/\/charming-moore.87-106-247-125.plesk.page\/index.php\/produit\/peluche-dactivites-bazile\/#breadcrumb","itemListElement":[{"@type":"ListItem","position":1,"name":"Accueil","item":"https:\/\/charming-moore.87-106-247-125.plesk.page\/"},{"@type":"ListItem","position":2,"name":"Boutique","item":"https:\/\/charming-moore.87-106-247-125.plesk.page\/index.php\/boutique\/"},{"@type":"ListItem","position":3,"name":"Peluche d&rsquo;activit\u00e9s Bazile"}]},{"@type":"WebSite","@id":"https:\/\/charming-moore.87-106-247-125.plesk.page\/#website","url":"https:\/\/charming-moore.87-106-247-125.plesk.page\/","name":"Babynat","description":"","potentialAction":[{"@type":"SearchAction","target":{"@type":"EntryPoint","urlTemplate":"https:\/\/charming-moore.87-106-247-125.plesk.page\/?s={search_term_string}"},"query-input":{"@type":"PropertyValueSpecification","valueRequired":true,"valueName":"search_term_string"}}],"inLanguage":"fr-FR"}]}},"_links":{"self":[{"href":"https:\/\/charming-moore.87-106-247-125.plesk.page\/index.php\/wp-json\/wp\/v2\/product\/1000345","targetHints":{"allow":["GET"]}}],"collection":[{"href":"https:\/\/charming-moore.87-106-247-125.plesk.page\/index.php\/wp-json\/wp\/v2\/product"}],"about":[{"href":"https:\/\/charming-moore.87-106-247-125.plesk.page\/index.php\/wp-json\/wp\/v2\/types\/product"}],"replies":[{"embeddable":true,"href":"https:\/\/charming-moore.87-106-247-125.plesk.page\/index.php\/wp-json\/wp\/v2\/comments?post=1000345"}],"wp:featuredmedia":[{"embeddable":true,"href":"https:\/\/charming-moore.87-106-247-125.plesk.page\/index.php\/wp-json\/wp\/v2\/media\/1000557"}],"wp:attachment":[{"href":"https:\/\/charming-moore.87-106-247-125.plesk.page\/index.php\/wp-json\/wp\/v2\/media?parent=1000345"}],"wp:term":[{"taxonomy":"product_brand","embeddable":true,"href":"https:\/\/charming-moore.87-106-247-125.plesk.page\/index.php\/wp-json\/wp\/v2\/product_brand?post=1000345"},{"taxonomy":"product_cat","embeddable":true,"href":"https:\/\/charming-moore.87-106-247-125.plesk.page\/index.php\/wp-json\/wp\/v2\/product_cat?post=1000345"},{"taxonomy":"product_tag","embeddable":true,"href":"https:\/\/charming-moore.87-106-247-125.plesk.page\/index.php\/wp-json\/wp\/v2\/product_tag?post=1000345"}],"curies":[{"name":"wp","href":"https:\/\/api.w.org\/{rel}","templated":true}]}}